{"id":13400,"date":"2025-08-23T15:34:24","date_gmt":"2025-08-23T15:34:24","guid":{"rendered":"https:\/\/www.vinivoi.com\/?post_type=product&#038;p=13400"},"modified":"2025-09-25T09:49:30","modified_gmt":"2025-09-25T09:49:30","slug":"santoro-truddu-negroamaro-rosso-igt-puglia","status":"publish","type":"product","link":"https:\/\/www.vinivoi.com\/?product=santoro-truddu-negroamaro-rosso-igt-puglia","title":{"rendered":"Santoro &#8211; Truddu NEGROAMARO ROSSO IGT Puglia"},"content":{"rendered":"<p data-start=\"490\" data-end=\"1015\">Denk bij deze Negroamaro uit Alto Salento\u00a0aan\u00a0warme avond in zuid-Itali\u00eb, olijfbomen die ruisen, grill aan \u2014 en dit glas naast je bord. In de geur komen donker fruit en kruiden je tegemoet, met een subtiel, hartig randje. De eerste slok is vol en sappig, de tweede laat een frisse lijn en een tikje mineraliteit achter die je meteen uitnodigt tot nog \u00e9\u00e9n slok (en nog \u00e9\u00e9n).<\/p>\n<p data-start=\"782\" data-end=\"932\">Lekker bij gegrild rood vlees of lamskoteletten, stoof met rozemarijn, paddenstoelen van de plaat, en gerijpte pecorino of parmigiano.<\/p>\n<p data-start=\"934\" data-end=\"1079\">Serveertip<br data-start=\"948\" data-end=\"951\" \/>Schenk \u2018m iets onder kamertemperatuur en geef \u2018m een paar minuten in het glas \u2014 dan komt z\u2019n zuidelijke charme helemaal los.<\/p>\n<p data-start=\"1288\" data-end=\"1499\"><span style=\"text-decoration: underline;\"><a href=\"https:\/\/www.vinivoi.com\/?page_id=13489\">Meer info over Santoro<\/a><\/span><\/p>\n<p data-start=\"1288\" data-end=\"1499\">\n","protected":false},"excerpt":{"rendered":"<ul>\n<li>Rode wijn<\/li>\n<li>Druif: 100% Negroamaro<\/li>\n<li>Smaak: stevig, rond, hartig-kruidig; lange afdronk<\/li>\n<li>Aroma: braam, zwarte kers, mediterrane kruiden, cacao\/espresso-hint<\/li>\n<li>Serveer bij lamskotelet, Italiaanse worstjes, pasta en pizza<\/li>\n<\/ul>\n<p><span style=\"text-decoration: underline;\"><a href=\"https:\/\/www.vinivoi.com\/?page_id=13489\">Meer info over Santoro<\/a><\/span><\/p>\n","protected":false},"featured_media":13568,"template":"","meta":{"_acf_changed":false,"site-sidebar-layout":"default","site-content-layout":"","ast-site-content-layout":"default","site-content-style":"default","site-sidebar-style":"default","ast-global-header-display":"","ast-banner-title-visibility":"","ast-main-header-display":"","ast-hfb-above-header-display":"","ast-hfb-below-header-display":"","ast-hfb-mobile-header-display":"","site-post-title":"","ast-breadcrumbs-content":"","ast-featured-img":"","footer-sml-layout":"","ast-disable-related-posts":"","theme-transparent-header-meta":"default","adv-header-id-meta":"","stick-header-meta":"","header-above-stick-meta":"","header-main-stick-meta":"","header-below-stick-meta":"","astra-migrate-meta-layouts":"set","ast-page-background-enabled":"default","ast-page-background-meta":{"desktop":{"background-color":"var(--ast-global-color-4)","background-image":"","background-repeat":"repeat","background-position":"center center","background-size":"auto","background-attachment":"scroll","background-type":"","background-media":"","overlay-type":"","overlay-color":"","overlay-opacity":"","overlay-gradient":""},"tablet":{"background-color":"","background-image":"","background-repeat":"repeat","background-position":"center center","background-size":"auto","background-attachment":"scroll","background-type":"","background-media":"","overlay-type":"","overlay-color":"","overlay-opacity":"","overlay-gradient":""},"mobile":{"background-color":"","background-image":"","background-repeat":"repeat","background-position":"center center","background-size":"auto","background-attachment":"scroll","background-type":"","background-media":"","overlay-type":"","overlay-color":"","overlay-opacity":"","overlay-gradient":""}},"ast-content-background-meta":{"desktop":{"background-color":"var(--ast-global-color-5)","background-image":"","background-repeat":"repeat","background-position":"center center","background-size":"auto","background-attachment":"scroll","background-type":"","background-media":"","overlay-type":"","overlay-color":"","overlay-opacity":"","overlay-gradient":""},"tablet":{"background-color":"var(--ast-global-color-5)","background-image":"","background-repeat":"repeat","background-position":"center center","background-size":"auto","background-attachment":"scroll","background-type":"","background-media":"","overlay-type":"","overlay-color":"","overlay-opacity":"","overlay-gradient":""},"mobile":{"background-color":"var(--ast-global-color-5)","background-image":"","background-repeat":"repeat","background-position":"center center","background-size":"auto","background-attachment":"scroll","background-type":"","background-media":"","overlay-type":"","overlay-color":"","overlay-opacity":"","overlay-gradient":""}}},"product_brand":[233],"product_cat":[27,228],"product_tag":[],"class_list":{"0":"post-13400","1":"product","2":"type-product","3":"status-publish","4":"has-post-thumbnail","6":"product_brand-puglia","7":"product_cat-rood","8":"product_cat-santoro","9":"desktop-align-left","10":"tablet-align-left","11":"mobile-align-left","13":"first","14":"instock","15":"taxable","16":"shipping-taxable","17":"purchasable","18":"product-type-simple"},"acf":[],"jetpack-related-posts":[{"id":13406,"url":"https:\/\/www.vinivoi.com\/?product=santoro-noscia-orange","url_meta":{"origin":13400,"position":0},"title":"Santoro &#8211; Noscia Francavilla Orange IGT Puglia","author":"admin","date":"23 augustus 2025","format":false,"excerpt":"Droge witte wijn, gefermenteerd volgens oranje methode Druif: Francavilla (lokale, zeldzame witte vari\u00ebteit) \u2014 late, selectieve handoogst rond eind september voor maximale aromatische concentratie Smaak: droog, structuur & fijne tannine; lange, kruidige finale Aroma: sinaasappelschil, gedroogde abrikoos, kamille, amandel, zachte honingtoon Serveer bij geroosterde pompoen\/bloemkool, kruidige mezze, gerijpte\/geitenkaas, Aziatische gerechten\u2026","rel":"","context":"Soortgelijk bericht","block_context":{"text":"Soortgelijk bericht","link":""},"img":{"alt_text":"","src":"https:\/\/i0.wp.com\/www.vinivoi.com\/wp-content\/uploads\/2025\/08\/Santoro-Noscia-Francavilla-Orange-IGT-Puglia.jpeg?fit=857%2C1200&ssl=1&resize=350%2C200","width":350,"height":200,"srcset":"https:\/\/i0.wp.com\/www.vinivoi.com\/wp-content\/uploads\/2025\/08\/Santoro-Noscia-Francavilla-Orange-IGT-Puglia.jpeg?fit=857%2C1200&ssl=1&resize=350%2C200 1x, https:\/\/i0.wp.com\/www.vinivoi.com\/wp-content\/uploads\/2025\/08\/Santoro-Noscia-Francavilla-Orange-IGT-Puglia.jpeg?fit=857%2C1200&ssl=1&resize=525%2C300 1.5x, https:\/\/i0.wp.com\/www.vinivoi.com\/wp-content\/uploads\/2025\/08\/Santoro-Noscia-Francavilla-Orange-IGT-Puglia.jpeg?fit=857%2C1200&ssl=1&resize=700%2C400 2x"},"classes":[]},{"id":10704,"url":"https:\/\/www.vinivoi.com\/?product=la-pruina-non-taspetti-negroamaro-puglia-igt-rosso-bio","url_meta":{"origin":13400,"position":1},"title":"La Pruina &#8211; NON T&#8217;ASPETTI NEGROAMARO PUGLIA IGT ROSSO","author":"admin","date":"16 juli 2024","format":false,"excerpt":"Rode wijn 100% Negroamaro Smaak: zacht en complex, met een lange en verfijnde afdronk Aroma: intens en fruitig, met tonen van kers en pruim, aangevuld met kruidige hints van tabak en leer Heerlijk bij met rijke, smaakvolle pasta's zoals tagliatelle al rag\u00f9, gegrild vlees zoals lamskoteletten of biefstuk, en stevige,\u2026","rel":"","context":"Soortgelijk bericht","block_context":{"text":"Soortgelijk bericht","link":""},"img":{"alt_text":"","src":"https:\/\/i0.wp.com\/www.vinivoi.com\/wp-content\/uploads\/2024\/07\/La-Pruina-NON-TASPETTI-NEGROAMARO-PUGLIA-IGT-ROSSO-BIO-scaled.jpg?fit=857%2C1200&ssl=1&resize=350%2C200","width":350,"height":200,"srcset":"https:\/\/i0.wp.com\/www.vinivoi.com\/wp-content\/uploads\/2024\/07\/La-Pruina-NON-TASPETTI-NEGROAMARO-PUGLIA-IGT-ROSSO-BIO-scaled.jpg?fit=857%2C1200&ssl=1&resize=350%2C200 1x, https:\/\/i0.wp.com\/www.vinivoi.com\/wp-content\/uploads\/2024\/07\/La-Pruina-NON-TASPETTI-NEGROAMARO-PUGLIA-IGT-ROSSO-BIO-scaled.jpg?fit=857%2C1200&ssl=1&resize=525%2C300 1.5x, https:\/\/i0.wp.com\/www.vinivoi.com\/wp-content\/uploads\/2024\/07\/La-Pruina-NON-TASPETTI-NEGROAMARO-PUGLIA-IGT-ROSSO-BIO-scaled.jpg?fit=857%2C1200&ssl=1&resize=700%2C400 2x"},"classes":[]},{"id":6768,"url":"https:\/\/www.vinivoi.com\/?product=la-pruina-nontaspetti-negroamaro-bianco-puglia-igp-bio","url_meta":{"origin":13400,"position":2},"title":"La Pruina &#8211; NONTASPETTI NEGROAMARO BIANCO PUGLIA IGP","author":"admin","date":"19 mei 2023","format":false,"excerpt":"Droge witte wijn 100% Negroamaro Smaak: fris, mineraal en met een volle en hartige smaak. Aroma: intens boeket, kruidig \u200b\u200bmet bloemige tonen Heerlijk bij hors d\u2019oeuvres, vissoepen, jonge kazen en voorgerechten met delicate sauzen","rel":"","context":"Soortgelijk bericht","block_context":{"text":"Soortgelijk bericht","link":""},"img":{"alt_text":"","src":"https:\/\/i0.wp.com\/www.vinivoi.com\/wp-content\/uploads\/2023\/06\/La-Pruina-%E2%80%93-NONTASPETTI-NEGROAMARO-BIANCO-PUGLIA-IGP-%E2%80%93-BIO-scaled.jpg?fit=857%2C1200&ssl=1&resize=350%2C200","width":350,"height":200,"srcset":"https:\/\/i0.wp.com\/www.vinivoi.com\/wp-content\/uploads\/2023\/06\/La-Pruina-%E2%80%93-NONTASPETTI-NEGROAMARO-BIANCO-PUGLIA-IGP-%E2%80%93-BIO-scaled.jpg?fit=857%2C1200&ssl=1&resize=350%2C200 1x, https:\/\/i0.wp.com\/www.vinivoi.com\/wp-content\/uploads\/2023\/06\/La-Pruina-%E2%80%93-NONTASPETTI-NEGROAMARO-BIANCO-PUGLIA-IGP-%E2%80%93-BIO-scaled.jpg?fit=857%2C1200&ssl=1&resize=525%2C300 1.5x, https:\/\/i0.wp.com\/www.vinivoi.com\/wp-content\/uploads\/2023\/06\/La-Pruina-%E2%80%93-NONTASPETTI-NEGROAMARO-BIANCO-PUGLIA-IGP-%E2%80%93-BIO-scaled.jpg?fit=857%2C1200&ssl=1&resize=700%2C400 2x"},"classes":[]},{"id":13402,"url":"https:\/\/www.vinivoi.com\/?product=santoro-truddu-susumaniello-rosso-igt-puglia","url_meta":{"origin":13400,"position":3},"title":"Santoro &#8211; Truddu Susumaniello Rosso IGT Puglia","author":"admin","date":"23 augustus 2025","format":false,"excerpt":"Rode wijn Druif: 100% Susumaniello Smaak: medium+ body; fris-fruitig met fijne tannine, goede lengte Aroma: bessenmix, zoete specerij, peper, balsamico, viooltje Serveer bij vitello tonnato, tonijnsteak, pasta al pomodoro, charcuterie Meer info over Santoro","rel":"","context":"Soortgelijk bericht","block_context":{"text":"Soortgelijk bericht","link":""},"img":{"alt_text":"","src":"https:\/\/i0.wp.com\/www.vinivoi.com\/wp-content\/uploads\/2025\/09\/WhatsApp-Image-2025-09-03-at-21.46.10-1.jpeg?fit=857%2C1200&ssl=1&resize=350%2C200","width":350,"height":200,"srcset":"https:\/\/i0.wp.com\/www.vinivoi.com\/wp-content\/uploads\/2025\/09\/WhatsApp-Image-2025-09-03-at-21.46.10-1.jpeg?fit=857%2C1200&ssl=1&resize=350%2C200 1x, https:\/\/i0.wp.com\/www.vinivoi.com\/wp-content\/uploads\/2025\/09\/WhatsApp-Image-2025-09-03-at-21.46.10-1.jpeg?fit=857%2C1200&ssl=1&resize=525%2C300 1.5x, https:\/\/i0.wp.com\/www.vinivoi.com\/wp-content\/uploads\/2025\/09\/WhatsApp-Image-2025-09-03-at-21.46.10-1.jpeg?fit=857%2C1200&ssl=1&resize=700%2C400 2x"},"classes":[]},{"id":13394,"url":"https:\/\/www.vinivoi.com\/?product=santoro-truddu-susumaniello-rosato-igt-puglia","url_meta":{"origin":13400,"position":4},"title":"Santoro &#8211; Truddu Susumaniello Rosato IGT Puglia","author":"admin","date":"23 augustus 2025","format":false,"excerpt":"Droge ros\u00e9 wijn Druif: 100% Susumaniello Smaak: licht, fris, knapperige zuren, zuivere finale Aroma: roos, viooltje, aardbei, kers, granaatappel Serveer als aperitief bij sashimi, burrata & tomaat, salades met citrus Meer info over Santoro","rel":"","context":"Soortgelijk bericht","block_context":{"text":"Soortgelijk bericht","link":""},"img":{"alt_text":"","src":"https:\/\/i0.wp.com\/www.vinivoi.com\/wp-content\/uploads\/2025\/09\/c83169f2-3ec0-4553-8ad0-882fbccd2f60.png?fit=1024%2C1024&ssl=1&resize=350%2C200","width":350,"height":200,"srcset":"https:\/\/i0.wp.com\/www.vinivoi.com\/wp-content\/uploads\/2025\/09\/c83169f2-3ec0-4553-8ad0-882fbccd2f60.png?fit=1024%2C1024&ssl=1&resize=350%2C200 1x, https:\/\/i0.wp.com\/www.vinivoi.com\/wp-content\/uploads\/2025\/09\/c83169f2-3ec0-4553-8ad0-882fbccd2f60.png?fit=1024%2C1024&ssl=1&resize=525%2C300 1.5x, https:\/\/i0.wp.com\/www.vinivoi.com\/wp-content\/uploads\/2025\/09\/c83169f2-3ec0-4553-8ad0-882fbccd2f60.png?fit=1024%2C1024&ssl=1&resize=700%2C400 2x"},"classes":[]},{"id":6761,"url":"https:\/\/www.vinivoi.com\/?product=la-pruina-mirintino-negroamaro-puglia-igt-bio","url_meta":{"origin":13400,"position":5},"title":"La Pruina &#8211; MIRINTINO NEGROAMARO PUGLIA IGT &#8211; BIO","author":"admin","date":"19 mei 2023","format":false,"excerpt":"Rode wijn 100% Negroamaro Smaak: zacht en intens, met een delicate tanninestructuur en een lange afdronk Aroma: kruidig \u200b\u200bboeket met tonen van koffie, chocolade, vanille, bosbessen en zwarte bessen Heerlijk met hartige voorgerechten, gegrild vlees en oude kazen","rel":"","context":"Soortgelijk bericht","block_context":{"text":"Soortgelijk bericht","link":""},"img":{"alt_text":"","src":"https:\/\/i0.wp.com\/www.vinivoi.com\/wp-content\/uploads\/2023\/06\/La-Pruina-%E2%80%93-MIRINTINO-NEGROAMARO-PUGLIA-IGT-%E2%80%93-BIO-scaled.jpg?fit=857%2C1200&ssl=1&resize=350%2C200","width":350,"height":200,"srcset":"https:\/\/i0.wp.com\/www.vinivoi.com\/wp-content\/uploads\/2023\/06\/La-Pruina-%E2%80%93-MIRINTINO-NEGROAMARO-PUGLIA-IGT-%E2%80%93-BIO-scaled.jpg?fit=857%2C1200&ssl=1&resize=350%2C200 1x, https:\/\/i0.wp.com\/www.vinivoi.com\/wp-content\/uploads\/2023\/06\/La-Pruina-%E2%80%93-MIRINTINO-NEGROAMARO-PUGLIA-IGT-%E2%80%93-BIO-scaled.jpg?fit=857%2C1200&ssl=1&resize=525%2C300 1.5x, https:\/\/i0.wp.com\/www.vinivoi.com\/wp-content\/uploads\/2023\/06\/La-Pruina-%E2%80%93-MIRINTINO-NEGROAMARO-PUGLIA-IGT-%E2%80%93-BIO-scaled.jpg?fit=857%2C1200&ssl=1&resize=700%2C400 2x"},"classes":[]}],"jetpack_sharing_enabled":true,"_links":{"self":[{"href":"https:\/\/www.vinivoi.com\/index.php?rest_route=\/wp\/v2\/product\/13400","targetHints":{"allow":["GET"]}}],"collection":[{"href":"https:\/\/www.vinivoi.com\/index.php?rest_route=\/wp\/v2\/product"}],"about":[{"href":"https:\/\/www.vinivoi.com\/index.php?rest_route=\/wp\/v2\/types\/product"}],"version-history":[{"count":5,"href":"https:\/\/www.vinivoi.com\/index.php?rest_route=\/wp\/v2\/product\/13400\/revisions"}],"predecessor-version":[{"id":14254,"href":"https:\/\/www.vinivoi.com\/index.php?rest_route=\/wp\/v2\/product\/13400\/revisions\/14254"}],"wp:featuredmedia":[{"embeddable":true,"href":"https:\/\/www.vinivoi.com\/index.php?rest_route=\/wp\/v2\/media\/13568"}],"wp:attachment":[{"href":"https:\/\/www.vinivoi.com\/index.php?rest_route=%2Fwp%2Fv2%2Fmedia&parent=13400"}],"wp:term":[{"taxonomy":"product_brand","embeddable":true,"href":"https:\/\/www.vinivoi.com\/index.php?rest_route=%2Fwp%2Fv2%2Fproduct_brand&post=13400"},{"taxonomy":"product_cat","embeddable":true,"href":"https:\/\/www.vinivoi.com\/index.php?rest_route=%2Fwp%2Fv2%2Fproduct_cat&post=13400"},{"taxonomy":"product_tag","embeddable":true,"href":"https:\/\/www.vinivoi.com\/index.php?rest_route=%2Fwp%2Fv2%2Fproduct_tag&post=13400"}],"curies":[{"name":"wp","href":"https:\/\/api.w.org\/{rel}","templated":true}]}}